{"id":146,"date":"2023-11-26T19:06:11","date_gmt":"2023-11-26T18:06:11","guid":{"rendered":"https:\/\/crosne-orchestral.fr\/?page_id=146"},"modified":"2023-12-10T16:34:45","modified_gmt":"2023-12-10T15:34:45","slug":"mentions-legales","status":"publish","type":"page","link":"https:\/\/crosne-orchestral.fr\/index.php\/mentions-legales\/","title":{"rendered":"Mentions l\u00e9gales"},"content":{"rendered":"\n<p>Nom de l&#8217;association : Crosne Orchestral<\/p>\n\n\n\n<p>Si\u00e8ge social : Mairie de Crosne, 35-33 Bis, avenue Jean Jaur\u00e8s, 91560 Crosne.<\/p>\n\n\n\n<p>Adresse courriel : contact@crosne-orchestral.fr<\/p>\n\n\n\n<p>Num\u00e9ro de t\u00e9l\u00e9phone : <span id=\"eeb-442719-321687\"><\/span><script type=\"text\/javascript\">(function(){var ml=\"6208%1\",mi=\"2041232412524121341210\",o=\"\";for(var j=0,l=mi.length;j<l;j++){o+=ml.charAt(mi.charCodeAt(j)-48);}document.getElementById(\"eeb-442719-321687\").innerHTML = decodeURIComponent(o);}());<\/script><noscript>*protected email*<\/noscript><\/p>\n\n\n\n<p>Directeur de la publication : Dominique Ferrero<\/p>\n\n\n\n<p>H\u00e9bergeur : OVH <\/p>\n\n\n\n<p>                        Si\u00e8ge social : 2 rue Kellermann &#8211; 59100 Roubaix &#8211; France.<\/p>\n\n\n\n<p><\/p>\n\n\n\n<p><strong>Donn\u00e9es personnelles<\/strong> : <\/p>\n\n\n\n<p>Ce site ne collecte pas de donn\u00e9es personnelles. Les informations envoy\u00e9es via le formulaire de contact ne sont utilis\u00e9es que dans le but de r\u00e9pondre au mail envoy\u00e9.<\/p>\n","protected":false},"excerpt":{"rendered":"<p>Nom de l&#8217;association : Crosne Orchestral Si\u00e8ge social : Mairie de Crosne, 35-33 Bis, avenue Jean Jaur\u00e8s, 91560 Crosne. Adresse courriel : contact@crosne-orchestral.fr Num\u00e9ro de t\u00e9l\u00e9phone : Directeur de la publication : Dominique Ferrero H\u00e9bergeur : OVH Si\u00e8ge social : 2 rue Kellermann &#8211; 59100 Roubaix &#8211; France. Donn\u00e9es personnelles : Ce site ne collecte [&hellip;]<\/p>\n","protected":false},"author":1,"featured_media":0,"parent":0,"menu_order":0,"comment_status":"closed","ping_status":"closed","template":"wp-custom-template-page-du-site","meta":{"footnotes":""},"class_list":["post-146","page","type-page","status-publish","hentry"],"yoast_head":"<!-- This site is optimized with the Yoast SEO plugin v24.3 - https:\/\/yoast.com\/wordpress\/plugins\/seo\/ -->\n<title>Mentions l\u00e9gales -<\/title>\n<meta name=\"robots\" content=\"index, follow, max-snippet:-1, max-image-preview:large, max-video-preview:-1\" \/>\n<link rel=\"canonical\" href=\"https:\/\/crosne-orchestral.fr\/index.php\/mentions-legales\/\" \/>\n<meta property=\"og:locale\" content=\"en_US\" \/>\n<meta property=\"og:type\" content=\"article\" \/>\n<meta property=\"og:title\" content=\"Mentions l\u00e9gales -\" \/>\n<meta property=\"og:description\" content=\"Nom de l&#8217;association : Crosne Orchestral Si\u00e8ge social : Mairie de Crosne, 35-33 Bis, avenue Jean Jaur\u00e8s, 91560 Crosne. Adresse courriel : contact@crosne-orchestral.fr Num\u00e9ro de t\u00e9l\u00e9phone : Directeur de la publication : Dominique Ferrero H\u00e9bergeur : OVH Si\u00e8ge social : 2 rue Kellermann &#8211; 59100 Roubaix &#8211; France. Donn\u00e9es personnelles : Ce site ne collecte [&hellip;]\" \/>\n<meta property=\"og:url\" content=\"https:\/\/crosne-orchestral.fr\/index.php\/mentions-legales\/\" \/>\n<meta property=\"article:modified_time\" content=\"2023-12-10T15:34:45+00:00\" \/>\n<meta name=\"twitter:card\" content=\"summary_large_image\" \/>\n<script type=\"application\/ld+json\" class=\"yoast-schema-graph\">{\"@context\":\"https:\/\/schema.org\",\"@graph\":[{\"@type\":\"WebPage\",\"@id\":\"https:\/\/crosne-orchestral.fr\/index.php\/mentions-legales\/\",\"url\":\"https:\/\/crosne-orchestral.fr\/index.php\/mentions-legales\/\",\"name\":\"Mentions l\u00e9gales -\",\"isPartOf\":{\"@id\":\"https:\/\/crosne-orchestral.fr\/#website\"},\"datePublished\":\"2023-11-26T18:06:11+00:00\",\"dateModified\":\"2023-12-10T15:34:45+00:00\",\"breadcrumb\":{\"@id\":\"https:\/\/crosne-orchestral.fr\/index.php\/mentions-legales\/#breadcrumb\"},\"inLanguage\":\"en-US\",\"potentialAction\":[{\"@type\":\"ReadAction\",\"target\":[\"https:\/\/crosne-orchestral.fr\/index.php\/mentions-legales\/\"]}]},{\"@type\":\"BreadcrumbList\",\"@id\":\"https:\/\/crosne-orchestral.fr\/index.php\/mentions-legales\/#breadcrumb\",\"itemListElement\":[{\"@type\":\"ListItem\",\"position\":1,\"name\":\"Home\",\"item\":\"https:\/\/crosne-orchestral.fr\/\"},{\"@type\":\"ListItem\",\"position\":2,\"name\":\"Mentions l\u00e9gales\"}]},{\"@type\":\"WebSite\",\"@id\":\"https:\/\/crosne-orchestral.fr\/#website\",\"url\":\"https:\/\/crosne-orchestral.fr\/\",\"name\":\"\",\"description\":\"Un site utilisant WordPress\",\"potentialAction\":[{\"@type\":\"SearchAction\",\"target\":{\"@type\":\"EntryPoint\",\"urlTemplate\":\"https:\/\/crosne-orchestral.fr\/?s={search_term_string}\"},\"query-input\":{\"@type\":\"PropertyValueSpecification\",\"valueRequired\":true,\"valueName\":\"search_term_string\"}}],\"inLanguage\":\"en-US\"}]}<\/script>\n<!-- \/ Yoast SEO plugin. -->","yoast_head_json":{"title":"Mentions l\u00e9gales -","robots":{"index":"index","follow":"follow","max-snippet":"max-snippet:-1","max-image-preview":"max-image-preview:large","max-video-preview":"max-video-preview:-1"},"canonical":"https:\/\/crosne-orchestral.fr\/index.php\/mentions-legales\/","og_locale":"en_US","og_type":"article","og_title":"Mentions l\u00e9gales -","og_description":"Nom de l&#8217;association : Crosne Orchestral Si\u00e8ge social : Mairie de Crosne, 35-33 Bis, avenue Jean Jaur\u00e8s, 91560 Crosne. Adresse courriel : contact@crosne-orchestral.fr Num\u00e9ro de t\u00e9l\u00e9phone : Directeur de la publication : Dominique Ferrero H\u00e9bergeur : OVH Si\u00e8ge social : 2 rue Kellermann &#8211; 59100 Roubaix &#8211; France. Donn\u00e9es personnelles : Ce site ne collecte [&hellip;]","og_url":"https:\/\/crosne-orchestral.fr\/index.php\/mentions-legales\/","article_modified_time":"2023-12-10T15:34:45+00:00","twitter_card":"summary_large_image","schema":{"@context":"https:\/\/schema.org","@graph":[{"@type":"WebPage","@id":"https:\/\/crosne-orchestral.fr\/index.php\/mentions-legales\/","url":"https:\/\/crosne-orchestral.fr\/index.php\/mentions-legales\/","name":"Mentions l\u00e9gales -","isPartOf":{"@id":"https:\/\/crosne-orchestral.fr\/#website"},"datePublished":"2023-11-26T18:06:11+00:00","dateModified":"2023-12-10T15:34:45+00:00","breadcrumb":{"@id":"https:\/\/crosne-orchestral.fr\/index.php\/mentions-legales\/#breadcrumb"},"inLanguage":"en-US","potentialAction":[{"@type":"ReadAction","target":["https:\/\/crosne-orchestral.fr\/index.php\/mentions-legales\/"]}]},{"@type":"BreadcrumbList","@id":"https:\/\/crosne-orchestral.fr\/index.php\/mentions-legales\/#breadcrumb","itemListElement":[{"@type":"ListItem","position":1,"name":"Home","item":"https:\/\/crosne-orchestral.fr\/"},{"@type":"ListItem","position":2,"name":"Mentions l\u00e9gales"}]},{"@type":"WebSite","@id":"https:\/\/crosne-orchestral.fr\/#website","url":"https:\/\/crosne-orchestral.fr\/","name":"","description":"Un site utilisant WordPress","potentialAction":[{"@type":"SearchAction","target":{"@type":"EntryPoint","urlTemplate":"https:\/\/crosne-orchestral.fr\/?s={search_term_string}"},"query-input":{"@type":"PropertyValueSpecification","valueRequired":true,"valueName":"search_term_string"}}],"inLanguage":"en-US"}]}},"_links":{"self":[{"href":"https:\/\/crosne-orchestral.fr\/index.php\/wp-json\/wp\/v2\/pages\/146","targetHints":{"allow":["GET"]}}],"collection":[{"href":"https:\/\/crosne-orchestral.fr\/index.php\/wp-json\/wp\/v2\/pages"}],"about":[{"href":"https:\/\/crosne-orchestral.fr\/index.php\/wp-json\/wp\/v2\/types\/page"}],"author":[{"embeddable":true,"href":"https:\/\/crosne-orchestral.fr\/index.php\/wp-json\/wp\/v2\/users\/1"}],"replies":[{"embeddable":true,"href":"https:\/\/crosne-orchestral.fr\/index.php\/wp-json\/wp\/v2\/comments?post=146"}],"version-history":[{"count":4,"href":"https:\/\/crosne-orchestral.fr\/index.php\/wp-json\/wp\/v2\/pages\/146\/revisions"}],"predecessor-version":[{"id":153,"href":"https:\/\/crosne-orchestral.fr\/index.php\/wp-json\/wp\/v2\/pages\/146\/revisions\/153"}],"wp:attachment":[{"href":"https:\/\/crosne-orchestral.fr\/index.php\/wp-json\/wp\/v2\/media?parent=146"}],"curies":[{"name":"wp","href":"https:\/\/api.w.org\/{rel}","templated":true}]}}