{"id":50,"date":"2023-08-01T20:42:21","date_gmt":"2023-08-01T18:42:21","guid":{"rendered":"https:\/\/crosne-orchestral.fr\/?page_id=50"},"modified":"2023-11-24T20:43:58","modified_gmt":"2023-11-24T19:43:58","slug":"qui-sommes-nous","status":"publish","type":"page","link":"https:\/\/crosne-orchestral.fr\/index.php\/accueil\/qui-sommes-nous\/","title":{"rendered":"Qui sommes-nous ?"},"content":{"rendered":"\n<p>L&#8217;association Crosne Orchestral est une association loi 1901 cr\u00e9\u00e9e en ao\u00fbt 2020. Elle a pour objet la cr\u00e9ation d&#8217;un orchestre d&#8217;harmonie pour participer \u00e0 des concerts, des c\u00e9r\u00e9monies comm\u00e9moratives, des animations de rue, des d\u00e9fil\u00e9s et \u00e0 toutes prestations musicales publiques ou priv\u00e9es. L&#8217;objectif est \u00e9galement de participer \u00e0 des concours musicaux, des festivals et ainsi que des \u00e9changes.<\/p>\n\n\n\n<div style=\"height:66px\" aria-hidden=\"true\" class=\"wp-block-spacer\"><\/div>\n","protected":false},"excerpt":{"rendered":"<p>L&#8217;association Crosne Orchestral est une association loi 1901 cr\u00e9\u00e9e en ao\u00fbt 2020. Elle a pour objet la cr\u00e9ation d&#8217;un orchestre d&#8217;harmonie pour participer \u00e0 des concerts, des c\u00e9r\u00e9monies comm\u00e9moratives, des animations de rue, des d\u00e9fil\u00e9s et \u00e0 toutes prestations musicales publiques ou priv\u00e9es. L&#8217;objectif est \u00e9galement de participer \u00e0 des concours musicaux, des festivals et [&hellip;]<\/p>\n","protected":false},"author":1,"featured_media":0,"parent":11,"menu_order":0,"comment_status":"closed","ping_status":"closed","template":"wp-custom-template-page-du-site","meta":{"footnotes":""},"class_list":["post-50","page","type-page","status-publish","hentry"],"yoast_head":"<!-- This site is optimized with the Yoast SEO plugin v24.3 - https:\/\/yoast.com\/wordpress\/plugins\/seo\/ -->\n<title>Qui sommes-nous ? -<\/title>\n<meta name=\"robots\" content=\"index, follow, max-snippet:-1, max-image-preview:large, max-video-preview:-1\" \/>\n<link rel=\"canonical\" href=\"https:\/\/crosne-orchestral.fr\/index.php\/accueil\/qui-sommes-nous\/\" \/>\n<meta property=\"og:locale\" content=\"en_US\" \/>\n<meta property=\"og:type\" content=\"article\" \/>\n<meta property=\"og:title\" content=\"Qui sommes-nous ? -\" \/>\n<meta property=\"og:description\" content=\"L&#8217;association Crosne Orchestral est une association loi 1901 cr\u00e9\u00e9e en ao\u00fbt 2020. Elle a pour objet la cr\u00e9ation d&#8217;un orchestre d&#8217;harmonie pour participer \u00e0 des concerts, des c\u00e9r\u00e9monies comm\u00e9moratives, des animations de rue, des d\u00e9fil\u00e9s et \u00e0 toutes prestations musicales publiques ou priv\u00e9es. L&#8217;objectif est \u00e9galement de participer \u00e0 des concours musicaux, des festivals et [&hellip;]\" \/>\n<meta property=\"og:url\" content=\"https:\/\/crosne-orchestral.fr\/index.php\/accueil\/qui-sommes-nous\/\" \/>\n<meta property=\"article:modified_time\" content=\"2023-11-24T19:43:58+00:00\" \/>\n<meta name=\"twitter:card\" content=\"summary_large_image\" \/>\n<script type=\"application\/ld+json\" class=\"yoast-schema-graph\">{\"@context\":\"https:\/\/schema.org\",\"@graph\":[{\"@type\":\"WebPage\",\"@id\":\"https:\/\/crosne-orchestral.fr\/index.php\/accueil\/qui-sommes-nous\/\",\"url\":\"https:\/\/crosne-orchestral.fr\/index.php\/accueil\/qui-sommes-nous\/\",\"name\":\"Qui sommes-nous ? -\",\"isPartOf\":{\"@id\":\"https:\/\/crosne-orchestral.fr\/#website\"},\"datePublished\":\"2023-08-01T18:42:21+00:00\",\"dateModified\":\"2023-11-24T19:43:58+00:00\",\"breadcrumb\":{\"@id\":\"https:\/\/crosne-orchestral.fr\/index.php\/accueil\/qui-sommes-nous\/#breadcrumb\"},\"inLanguage\":\"en-US\",\"potentialAction\":[{\"@type\":\"ReadAction\",\"target\":[\"https:\/\/crosne-orchestral.fr\/index.php\/accueil\/qui-sommes-nous\/\"]}]},{\"@type\":\"BreadcrumbList\",\"@id\":\"https:\/\/crosne-orchestral.fr\/index.php\/accueil\/qui-sommes-nous\/#breadcrumb\",\"itemListElement\":[{\"@type\":\"ListItem\",\"position\":1,\"name\":\"Home\",\"item\":\"https:\/\/crosne-orchestral.fr\/\"},{\"@type\":\"ListItem\",\"position\":2,\"name\":\"Crosne Orchestral\",\"item\":\"https:\/\/crosne-orchestral.fr\/\"},{\"@type\":\"ListItem\",\"position\":3,\"name\":\"Qui sommes-nous ?\"}]},{\"@type\":\"WebSite\",\"@id\":\"https:\/\/crosne-orchestral.fr\/#website\",\"url\":\"https:\/\/crosne-orchestral.fr\/\",\"name\":\"\",\"description\":\"Un site utilisant WordPress\",\"potentialAction\":[{\"@type\":\"SearchAction\",\"target\":{\"@type\":\"EntryPoint\",\"urlTemplate\":\"https:\/\/crosne-orchestral.fr\/?s={search_term_string}\"},\"query-input\":{\"@type\":\"PropertyValueSpecification\",\"valueRequired\":true,\"valueName\":\"search_term_string\"}}],\"inLanguage\":\"en-US\"}]}<\/script>\n<!-- \/ Yoast SEO plugin. -->","yoast_head_json":{"title":"Qui sommes-nous ? -","robots":{"index":"index","follow":"follow","max-snippet":"max-snippet:-1","max-image-preview":"max-image-preview:large","max-video-preview":"max-video-preview:-1"},"canonical":"https:\/\/crosne-orchestral.fr\/index.php\/accueil\/qui-sommes-nous\/","og_locale":"en_US","og_type":"article","og_title":"Qui sommes-nous ? -","og_description":"L&#8217;association Crosne Orchestral est une association loi 1901 cr\u00e9\u00e9e en ao\u00fbt 2020. Elle a pour objet la cr\u00e9ation d&#8217;un orchestre d&#8217;harmonie pour participer \u00e0 des concerts, des c\u00e9r\u00e9monies comm\u00e9moratives, des animations de rue, des d\u00e9fil\u00e9s et \u00e0 toutes prestations musicales publiques ou priv\u00e9es. L&#8217;objectif est \u00e9galement de participer \u00e0 des concours musicaux, des festivals et [&hellip;]","og_url":"https:\/\/crosne-orchestral.fr\/index.php\/accueil\/qui-sommes-nous\/","article_modified_time":"2023-11-24T19:43:58+00:00","twitter_card":"summary_large_image","schema":{"@context":"https:\/\/schema.org","@graph":[{"@type":"WebPage","@id":"https:\/\/crosne-orchestral.fr\/index.php\/accueil\/qui-sommes-nous\/","url":"https:\/\/crosne-orchestral.fr\/index.php\/accueil\/qui-sommes-nous\/","name":"Qui sommes-nous ? -","isPartOf":{"@id":"https:\/\/crosne-orchestral.fr\/#website"},"datePublished":"2023-08-01T18:42:21+00:00","dateModified":"2023-11-24T19:43:58+00:00","breadcrumb":{"@id":"https:\/\/crosne-orchestral.fr\/index.php\/accueil\/qui-sommes-nous\/#breadcrumb"},"inLanguage":"en-US","potentialAction":[{"@type":"ReadAction","target":["https:\/\/crosne-orchestral.fr\/index.php\/accueil\/qui-sommes-nous\/"]}]},{"@type":"BreadcrumbList","@id":"https:\/\/crosne-orchestral.fr\/index.php\/accueil\/qui-sommes-nous\/#breadcrumb","itemListElement":[{"@type":"ListItem","position":1,"name":"Home","item":"https:\/\/crosne-orchestral.fr\/"},{"@type":"ListItem","position":2,"name":"Crosne Orchestral","item":"https:\/\/crosne-orchestral.fr\/"},{"@type":"ListItem","position":3,"name":"Qui sommes-nous ?"}]},{"@type":"WebSite","@id":"https:\/\/crosne-orchestral.fr\/#website","url":"https:\/\/crosne-orchestral.fr\/","name":"","description":"Un site utilisant WordPress","potentialAction":[{"@type":"SearchAction","target":{"@type":"EntryPoint","urlTemplate":"https:\/\/crosne-orchestral.fr\/?s={search_term_string}"},"query-input":{"@type":"PropertyValueSpecification","valueRequired":true,"valueName":"search_term_string"}}],"inLanguage":"en-US"}]}},"_links":{"self":[{"href":"https:\/\/crosne-orchestral.fr\/index.php\/wp-json\/wp\/v2\/pages\/50","targetHints":{"allow":["GET"]}}],"collection":[{"href":"https:\/\/crosne-orchestral.fr\/index.php\/wp-json\/wp\/v2\/pages"}],"about":[{"href":"https:\/\/crosne-orchestral.fr\/index.php\/wp-json\/wp\/v2\/types\/page"}],"author":[{"embeddable":true,"href":"https:\/\/crosne-orchestral.fr\/index.php\/wp-json\/wp\/v2\/users\/1"}],"replies":[{"embeddable":true,"href":"https:\/\/crosne-orchestral.fr\/index.php\/wp-json\/wp\/v2\/comments?post=50"}],"version-history":[{"count":4,"href":"https:\/\/crosne-orchestral.fr\/index.php\/wp-json\/wp\/v2\/pages\/50\/revisions"}],"predecessor-version":[{"id":100,"href":"https:\/\/crosne-orchestral.fr\/index.php\/wp-json\/wp\/v2\/pages\/50\/revisions\/100"}],"up":[{"embeddable":true,"href":"https:\/\/crosne-orchestral.fr\/index.php\/wp-json\/wp\/v2\/pages\/11"}],"wp:attachment":[{"href":"https:\/\/crosne-orchestral.fr\/index.php\/wp-json\/wp\/v2\/media?parent=50"}],"curies":[{"name":"wp","href":"https:\/\/api.w.org\/{rel}","templated":true}]}}